{"id":17430,"date":"2023-04-21T19:44:57","date_gmt":"2023-04-21T16:44:57","guid":{"rendered":"https:\/\/ambylegal.by\/news\/"},"modified":"2026-04-14T13:06:43","modified_gmt":"2026-04-14T10:06:43","slug":"news","status":"publish","type":"page","link":"https:\/\/ambylegal.by\/de\/news\/","title":{"rendered":"Nachricht"},"content":{"rendered":"<section class=\"blogm\">\r\n    <div class=\"container\">\r\n\t\t<div class=\"breadcrumbs\"><div class=\"breadcrumbs__items\"><span><span><a href=\"https:\/\/ambylegal.by\/de\/\">Home<\/a><\/span><\/span><\/div><\/div>\n\n<div class=\"blogm__meta\">\n    <div class=\"cat-filter\">\n\t\t\n        <a href=\"https:\/\/ambylegal.by\/de\/latest-posts\/\"\n           class=\"cat-filter__btn is-active\">\n\t\t\tAlle Kategorien        <\/a>\n\t\t\n\t\t            <a href=\"https:\/\/ambylegal.by\/de\/category\/news-de\/\"\n               class=\"cat-filter__btn\">\n\t\t\t\tNachricht            <\/a>\n\t\t\t\t\n\t\t    <\/div>\n    <form action=\"https:\/\/ambylegal.by\/de\/\" class=\"cinput cinput--search\">\n        <input type=\"text\" class=\"cinput__field\" name=\"s\" value=\"\" placeholder=\"Suchen\"\/>\n        <input type=\"hidden\" name=\"post_type\" value=\"post\"\/>\n        <button type=\"button\" class=\"btn cinput__clear\" aria-label=\"Suche l\u00f6schen\">\n            <svg width=\"20\" height=\"20\" viewBox=\"0 0 20 20\" fill=\"none\" xmlns=\"http:\/\/www.w3.org\/2000\/svg\">\n                <path d=\"M14.5 14.7494L5 4.74939\" stroke=\"white\" stroke-linecap=\"round\"\/>\n                <path d=\"M4.99902 14.7495L14.4989 4.74947\" stroke=\"white\" stroke-linecap=\"round\"\/>\n            <\/svg>\n        <\/button>\n        <button type=\"submit\" class=\"btn btn-blue cinput__button\">\n            <svg width=\"23\" height=\"24\" viewBox=\"0 0 23 24\" fill=\"none\" xmlns=\"http:\/\/www.w3.org\/2000\/svg\">\n                <path d=\"M15.25 16.2168L22.25 23.2168M18.75 9.7832C18.75 14.7538 14.7206 18.7832 9.75 18.7832C4.77944 18.7832 0.75 14.7538 0.75 9.7832C0.75 4.81264 4.77944 0.783203 9.75 0.783203C14.7206 0.783203 18.75 4.81264 18.75 9.7832Z\" stroke=\"white\" stroke-width=\"1.5\"\/>\n            <\/svg>\n        <\/button>\n    <\/form>\n<\/div>\n\r\n        <div class=\"blogm__wrapper\">\r\n            <div class=\"blogm__main\">\r\n\t\t\t\t<article class=\"news-card\">\n    <a href=\"https:\/\/ambylegal.by\/de\/news\/check-belarusian-counterparty-before-contract\/\" class=\"news-card__image\">\n\t\t<img loading=\"lazy\" decoding=\"async\" width=\"2560\" height=\"1707\" src=\"https:\/\/ambylegal.by\/wp-content\/uploads\/2026\/04\/city-adult-technology-cafe-professional-scaled.jpg\" class=\"news-card__img wp-post-image\" alt=\"\" srcset=\"https:\/\/ambylegal.by\/wp-content\/uploads\/2026\/04\/city-adult-technology-cafe-professional-scaled.jpg 2560w, https:\/\/ambylegal.by\/wp-content\/uploads\/2026\/04\/city-adult-technology-cafe-professional-300x200.jpg 300w, https:\/\/ambylegal.by\/wp-content\/uploads\/2026\/04\/city-adult-technology-cafe-professional-1024x683.jpg 1024w, https:\/\/ambylegal.by\/wp-content\/uploads\/2026\/04\/city-adult-technology-cafe-professional-768x512.jpg 768w, https:\/\/ambylegal.by\/wp-content\/uploads\/2026\/04\/city-adult-technology-cafe-professional-1536x1024.jpg 1536w, https:\/\/ambylegal.by\/wp-content\/uploads\/2026\/04\/city-adult-technology-cafe-professional-2048x1365.jpg 2048w\" sizes=\"auto, (max-width: 2560px) 100vw, 2560px\" \/>    <\/a>\n    <div class=\"news-card__content\">\n        <a href=\"https:\/\/ambylegal.by\/de\/news\/check-belarusian-counterparty-before-contract\/\" class=\"news-card__title\">Belarussischen Gesch\u00e4ftspartner vor Vertragsabschluss pr\u00fcfen: Praktischer Leitfaden f\u00fcr ausl\u00e4ndische Unternehmen (2026)<\/a>\n        <div class=\"news-card__excerpt\"><p>Der Vertrag ist aufgesetzt. Die belarussische Seite hat einen Scan der Satzung, eine \u0423\u041d\u041f-Nummer und eine freundliche Nachricht geschickt, in der steht, wann Sie unterschreiben k\u00f6nnen. Ihr Einkauf will die Sache bis Freitag abschlie\u00dfen. Die Rechtsabteilung hat das Gef\u00fchl, dass noch etwas gepr\u00fcft werden sollte \u2013 aber was genau? Genau f\u00fcr diesen Moment ist dieser [&hellip;]<\/p>\n<\/div>\n\t\t\n        <div class=\"news-card__meta\">\n            <div class=\"news-card__author\">\n\t\t\t\t                <span class=\"news-card__name\">Von <strong>AMBY Legal Team<\/strong><\/span>\n            <\/div>\n            <span class=\"news-card__date\">20.04.2026<\/span>\n        <\/div>\n    <\/div>\n<\/article>\n            <\/div>\r\n            <div class=\"blogm__aside\">\r\n\t\t\t\t\t\t\t\t\r\n\t\t\t\t                    <div class=\"bcta\">\r\n                        <div class=\"bcta__title\">Gr\u00fcnden Sie Ihr Unternehmen in Belarus<\/div>\r\n                        <div class=\"bcta__more\">\r\n                            <a href=\"\/services\/start-your-business\/\" class=\"btn btn--primary\">\r\n\t\t\t\t\t\t\t\tWeitere Informationen                                <span class=\"btn__icon btn__icon--arrow\"><\/span>\r\n                            <\/a>\r\n                        <\/div>\r\n                    <\/div>\r\n\t\t\t\t            <\/div>\r\n        <\/div>\r\n    <\/div>\r\n<\/section>\r\n\n\n<section class=\"blogg blogg--3\">\n    <div class=\"container\">\n        <h2 class=\"blogg__title\">Letzte<\/h2>\n\n        <div class=\"blogg__grid\">\n\t\t\t<article class=\"news-card\">\n    <a href=\"https:\/\/ambylegal.by\/de\/news\/check-belarusian-counterparty-before-contract\/\" class=\"news-card__image\">\n\t\t<img loading=\"lazy\" decoding=\"async\" width=\"2560\" height=\"1707\" src=\"https:\/\/ambylegal.by\/wp-content\/uploads\/2026\/04\/city-adult-technology-cafe-professional-scaled.jpg\" class=\"news-card__img wp-post-image\" alt=\"\" srcset=\"https:\/\/ambylegal.by\/wp-content\/uploads\/2026\/04\/city-adult-technology-cafe-professional-scaled.jpg 2560w, https:\/\/ambylegal.by\/wp-content\/uploads\/2026\/04\/city-adult-technology-cafe-professional-300x200.jpg 300w, https:\/\/ambylegal.by\/wp-content\/uploads\/2026\/04\/city-adult-technology-cafe-professional-1024x683.jpg 1024w, https:\/\/ambylegal.by\/wp-content\/uploads\/2026\/04\/city-adult-technology-cafe-professional-768x512.jpg 768w, https:\/\/ambylegal.by\/wp-content\/uploads\/2026\/04\/city-adult-technology-cafe-professional-1536x1024.jpg 1536w, https:\/\/ambylegal.by\/wp-content\/uploads\/2026\/04\/city-adult-technology-cafe-professional-2048x1365.jpg 2048w\" sizes=\"auto, (max-width: 2560px) 100vw, 2560px\" \/>    <\/a>\n    <div class=\"news-card__content\">\n        <a href=\"https:\/\/ambylegal.by\/de\/news\/check-belarusian-counterparty-before-contract\/\" class=\"news-card__title\">Belarussischen Gesch\u00e4ftspartner vor Vertragsabschluss pr\u00fcfen: Praktischer Leitfaden f\u00fcr ausl\u00e4ndische Unternehmen (2026)<\/a>\n        <div class=\"news-card__excerpt\"><p>Der Vertrag ist aufgesetzt. Die belarussische Seite hat einen Scan der Satzung, eine \u0423\u041d\u041f-Nummer und eine freundliche Nachricht geschickt, in der steht, wann Sie unterschreiben k\u00f6nnen. Ihr Einkauf will die Sache bis Freitag abschlie\u00dfen. Die Rechtsabteilung hat das Gef\u00fchl, dass noch etwas gepr\u00fcft werden sollte \u2013 aber was genau? Genau f\u00fcr diesen Moment ist dieser [&hellip;]<\/p>\n<\/div>\n\t\t\n        <div class=\"news-card__meta\">\n            <div class=\"news-card__author\">\n\t\t\t\t                <span class=\"news-card__name\">Von <strong>AMBY Legal Team<\/strong><\/span>\n            <\/div>\n            <span class=\"news-card__date\">20.04.2026<\/span>\n        <\/div>\n    <\/div>\n<\/article>\n        <\/div>\n\t\t\n\t\t            <div class=\"news__more blog-view-more\">\n                <a href=\"\/de\/latest-posts\/\" class=\"btn btn--primary\">\n\t\t\t\t\tMehr anzeigen                    <span class=\"btn__icon btn__icon--arrow\"><\/span>\n                <\/a>\n            <\/div>\n\t\t    <\/div>\n<\/section>\n\n\n<section class=\"hcta hcta--dark border-0\" style=\"--bg-image-desktop: url('https:\/\/ambylegal.by\/wp-content\/uploads\/2026\/02\/cta-bg-scaled.webp');--bg-image-tablet: url('https:\/\/ambylegal.by\/wp-content\/uploads\/2026\/03\/3-t.webp');--bg-image-mobile: url('https:\/\/ambylegal.by\/wp-content\/uploads\/2026\/03\/3-m.webp');--bg-image: url('https:\/\/ambylegal.by\/wp-content\/uploads\/2026\/02\/cta-bg-scaled.webp');\">\n\t            <div class=\"hcta__inner\">\n                <div class=\"container\">\n\t\t\t\t\t                    <h2 class=\"hcta__title h3\">Unternehmensanwalt<\/h2>\n                    <p class=\"hcta__snippet\">Sichern Sie sich rechtliche Unterst\u00fctzung f\u00fcr Unternehmen und juristische Personen in Belarus, um Ihr Gesch\u00e4ft zu sch\u00fctzen und auszubauen!<\/p>\n\t\t\t\t\t                        <div class=\"hcta__action\">\n                            <a href=\"\/services\/corporate-law\/\" target=\"\" class=\"btn btn--dark\">\n\t\t\t\t\t\t\t\tErfahren Sie mehr                                <span class=\"btn__icon btn__icon--arrow\"><\/span>\n                            <\/a>\n                        <\/div>\n\t\t\t\t\t                <\/div>\n            <\/div>\n<\/section>\n\n\n<section class=\"blogs\">\r\n    <div class=\"container\">\r\n        <div class=\"blogs__head\">\r\n            <h2 class=\"blogs__title title title-lg\">Beliebt<\/h2>\r\n\t\t\t                <a href=\"\/category\/popular\/\" class=\"btn btn--primary\">\r\n\t\t\t\t\tMehr anzeigen                    <span class=\"btn__icon btn__icon--arrow\"><\/span>\r\n                <\/a>\r\n\t\t\t\r\n        <\/div>\r\n\r\n        <div class=\"swiper\">\r\n            <div class=\"swiper-wrapper mb-32\">\r\n\t\t\t\t            <\/div>\r\n            <div class=\"slider-nav\">\r\n                <button class=\"slider-nav__prev slider-nav__btn\">\r\n                    <svg width=\"16\" height=\"9\" viewBox=\"0 0 16 9\" fill=\"none\" xmlns=\"http:\/\/www.w3.org\/2000\/svg\">\r\n                        <path d=\"M0.584713 5.61068L3.16471 8.21735C3.22669 8.27984 3.30042 8.32943 3.38166 8.36328C3.4629 8.39712 3.55004 8.41455 3.63805 8.41455C3.72605 8.41455 3.81319 8.39712 3.89443 8.36328C3.97567 8.32943 4.0494 8.27984 4.11138 8.21735C4.23555 8.09244 4.30524 7.92347 4.30524 7.74735C4.30524 7.57123 4.23555 7.40226 4.11138 7.27735L1.73805 4.88402L15.3314 4.88402C15.5082 4.88402 15.6778 4.81378 15.8028 4.68876C15.9278 4.56373 15.998 4.39416 15.998 4.21735V4.21735C15.998 4.04054 15.9278 3.87097 15.8028 3.74595C15.6778 3.62092 15.5082 3.55069 15.3314 3.55069L1.69805 3.55068L4.11138 1.14402C4.17387 1.08204 4.22346 1.00831 4.25731 0.92707C4.29115 0.84583 4.30858 0.758693 4.30858 0.670685C4.30858 0.582677 4.29115 0.49554 4.25731 0.414301C4.22346 0.333061 4.17387 0.259326 4.11138 0.197351C4.0494 0.134866 3.97567 0.0852689 3.89443 0.0514239C3.81319 0.017578 3.72605 0.000152469 3.63805 0.000152461C3.55004 0.000152453 3.4629 0.017578 3.38166 0.0514239C3.30042 0.0852688 3.22669 0.134866 3.16471 0.197351L0.584713 2.78402C0.210179 3.15902 -0.000193181 3.66735 -0.000193227 4.19735C-0.000193274 4.72735 0.210179 5.23568 0.584713 5.61068Z\" fill=\"#292929\"\/>\r\n                    <\/svg>\r\n                <\/button>\r\n                <button class=\"slider-nav__next slider-nav__btn\">\r\n                    <svg width=\"16\" height=\"9\" viewBox=\"0 0 16 9\" fill=\"none\" xmlns=\"http:\/\/www.w3.org\/2000\/svg\">\r\n                        <path d=\"M15.4133 2.80387L12.8333 0.197199C12.7714 0.134713 12.6976 0.0851169 12.6164 0.0512711C12.5351 0.0174253 12.448 0 12.36 0C12.272 0 12.1849 0.0174253 12.1036 0.0512711C12.0224 0.0851169 11.9486 0.134713 11.8867 0.197199C11.7625 0.322107 11.6928 0.491075 11.6928 0.667199C11.6928 0.843323 11.7625 1.01229 11.8867 1.1372L14.26 3.53053H0.666667C0.489856 3.53053 0.320286 3.60077 0.195262 3.72579C0.0702379 3.85082 0 4.02039 0 4.1972H0C0 4.37401 0.0702379 4.54358 0.195262 4.6686C0.320286 4.79363 0.489856 4.86387 0.666667 4.86387H14.3L11.8867 7.27053C11.8242 7.33251 11.7746 7.40624 11.7407 7.48748C11.7069 7.56872 11.6895 7.65586 11.6895 7.74387C11.6895 7.83187 11.7069 7.91901 11.7407 8.00025C11.7746 8.08149 11.8242 8.15522 11.8867 8.2172C11.9486 8.27968 12.0224 8.32928 12.1036 8.36313C12.1849 8.39697 12.272 8.4144 12.36 8.4144C12.448 8.4144 12.5351 8.39697 12.6164 8.36313C12.6976 8.32928 12.7714 8.27968 12.8333 8.2172L15.4133 5.63053C15.7879 5.25553 15.9982 4.7472 15.9982 4.2172C15.9982 3.6872 15.7879 3.17887 15.4133 2.80387Z\" fill=\"#2E2E2E\"\/>\r\n                    <\/svg>\r\n                <\/button>\r\n            <\/div>\r\n        <\/div>\r\n    <\/div>\r\n    <script>\r\n        window.addEventListener( 'load', function () {\r\n            new Swiper( '.blogs .swiper', {\r\n                slidesPerView: 3,\r\n                spaceBetween: 24,\r\n                navigation: {\r\n                    prevEl: '.blogs .slider-nav__prev',\r\n                    nextEl: '.blogs .slider-nav__next',\r\n                },\r\n                breakpoints: {\r\n                    1280: {\r\n                        992: {\r\n                            slidesPerView: 3,\r\n                            spaceBetween: 24,\r\n                        },\r\n                    },\r\n                    992: {\r\n                        slidesPerView: 2.5,\r\n                        spaceBetween: 24,\r\n                    },\r\n                    768: {\r\n                        slidesPerView: 2,\r\n                    },\r\n                    576: {\r\n                        slidesPerView: 1.6,\r\n                    },\r\n                    440: {\r\n                        slidesPerView: 1.25,\r\n                    },\r\n                    0: {\r\n                        slidesPerView: 1,\r\n                        spaceBetween: 16,\r\n                    },\r\n                },\r\n            } );\r\n        } );\r\n    <\/script>\r\n<\/section>\r\n\n\n<section class=\"hcta hcta--light border-0\" style=\"--bg-image-desktop: url('https:\/\/ambylegal.by\/wp-content\/uploads\/2026\/02\/cta2-bg-scaled.webp');--bg-image-tablet: url('https:\/\/ambylegal.by\/wp-content\/uploads\/2026\/03\/1-t.webp');--bg-image-mobile: url('https:\/\/ambylegal.by\/wp-content\/uploads\/2026\/03\/1-m.webp');--bg-image: url('https:\/\/ambylegal.by\/wp-content\/uploads\/2026\/02\/cta2-bg-scaled.webp');\">\n\t            <div class=\"hcta__inner\">\n                <div class=\"container\">\n\t\t\t\t\t                    <h2 class=\"hcta__title h3\">Offenes Unternehmen in Wei\u00dfrussland<\/h2>\n                    <p class=\"hcta__snippet\">Gr\u00fcnden Sie schnell und sicher ein Unternehmen in Belarus \u2013 mit umfassender rechtlicher Unterst\u00fctzung in jeder Phase!\r\n<\/p>\n\t\t\t\t\t                        <div class=\"hcta__action\">\n                            <a href=\"\/de\/pages\/open-company-belarus\/\" target=\"\" class=\"btn btn--outline-invert\">\n\t\t\t\t\t\t\t\tErfahren Sie mehr                                <span class=\"btn__icon btn__icon--arrow\"><\/span>\n                            <\/a>\n                        <\/div>\n\t\t\t\t\t                <\/div>\n            <\/div>\n<\/section>\n\n\n<section class=\"blogg blogg--4\">\n    <div class=\"container\">\n        <h2 class=\"blogg__title\">Im Trend<\/h2>\n\n        <div class=\"blogg__grid\">\n\t\t\t        <\/div>\n\t\t\n\t\t            <div class=\"news__more blog-view-more\">\n                <a href=\"\/de\/category\/trending\/\" class=\"btn btn--primary\">\n\t\t\t\t\tMehr anzeigen                    <span class=\"btn__icon btn__icon--arrow\"><\/span>\n                <\/a>\n            <\/div>\n\t\t    <\/div>\n<\/section>\n\n\n<section class=\"stay\">\r\n    <div class=\"container\">\r\n        <div class=\"stay__grid\">\r\n            <div class=\"stay__subscribe\">\r\n                <div class=\"stay__title h4\">Seien Sie der Erste, der es erf\u00e4hrt.<\/div>\r\n                <div class=\"stay__subtitle\">Abonnieren Sie unseren Newsletter, um n\u00fctzliche Materialien, wichtige rechtliche Aktualisierungen und Branchentrends zu erhalten.<\/div>\r\n                <div class=\"stay__form\">\n<div class=\"wpcf7 no-js\" id=\"wpcf7-f17408-o1\" lang=\"de-DE\" dir=\"ltr\" data-wpcf7-id=\"17408\">\n<div class=\"screen-reader-response\"><p role=\"status\" aria-live=\"polite\" aria-atomic=\"true\"><\/p> <ul><\/ul><\/div>\n<form action=\"\/de\/wp-json\/wp\/v2\/pages\/17430#wpcf7-f17408-o1\" method=\"post\" class=\"wpcf7-form init\" aria-label=\"Kontaktformular\" autocomplete=\"off\" novalidate=\"novalidate\" data-status=\"init\">\n<fieldset class=\"hidden-fields-container\"><input type=\"hidden\" name=\"_wpcf7\" value=\"17408\" \/><input type=\"hidden\" name=\"_wpcf7_version\" value=\"6.1.5\" \/><input type=\"hidden\" name=\"_wpcf7_locale\" value=\"de_DE\" \/><input type=\"hidden\" name=\"_wpcf7_unit_tag\" value=\"wpcf7-f17408-o1\" \/><input type=\"hidden\" name=\"_wpcf7_container_post\" value=\"0\" \/><input type=\"hidden\" name=\"_wpcf7_posted_data_hash\" value=\"\" \/>\n<\/fieldset>\n<div class=\"wpcf7-turnstile cf-turnstile\" data-sitekey=\"0x4AAAAAAChRb1eTItQiBNMU\" data-response-field-name=\"_wpcf7_turnstile_response\"><\/div>\n\n<div class=\"cinput\"><span class=\"wpcf7-form-control-wrap\" data-name=\"email\"><input size=\"40\" maxlength=\"400\" class=\"wpcf7-form-control wpcf7-email wpcf7-validates-as-required wpcf7-text wpcf7-validates-as-email form__input\" id=\"femail\" aria-required=\"true\" aria-invalid=\"false\" placeholder=\"Ihre E-Mail\" value=\"\" type=\"email\" name=\"email\" \/><\/span><\/div>\n<button class=\"btn btn--dark\">\nAbonnieren <span class=\"btn__icon btn__icon--arrow\"><\/span>\n<\/button><div class=\"wpcf7-response-output\" aria-hidden=\"true\"><\/div>\n<\/form>\n<\/div>\n<\/div>\r\n            <\/div>\r\n            <div class=\"stay__social\">\r\n                <div class=\"stay__title h4\">Wir in sozialen Netzwerken<\/div>\r\n                <div class=\"stay__subtitle\">Folgen Sie uns in den sozialen Medien, um die neuesten Trends und praktische Ratschl\u00e4ge in Rechts- und Wirtschaftsthemen zu erhalten.<\/div>\r\n                <div class=\"stay__links\">\r\n\t\t\t\t\t                        <a href=\"https:\/\/www.linkedin.com\/company\/amby-legal\/\" class=\"social-link\" target=\"_blank\" rel=\"nofollow noopener noreferrer\" aria-label=\"Link to www.linkedin.com\">\r\n                            <i style=\"--src: url('https:\/\/ambylegal.by\/wp-content\/uploads\/2026\/04\/linkedin.svg')\"><\/i>\r\n                        <\/a>\r\n\t\t\t\t\t                <\/div>\r\n            <\/div>\r\n        <\/div>\r\n    <\/div>\r\n<\/section>\r\n\r\n","protected":false},"excerpt":{"rendered":"","protected":false},"author":1,"featured_media":0,"parent":0,"menu_order":0,"comment_status":"closed","ping_status":"closed","template":"page-templates\/template-canvas.php","meta":{"_acf_changed":false,"footnotes":""},"class_list":["post-17430","page","type-page","status-publish","hentry"],"acf":[],"yoast_head":"<!-- This site is optimized with the Yoast SEO plugin v27.3 - https:\/\/yoast.com\/product\/yoast-seo-wordpress\/ -->\n<title>Nachricht - Amby Legal<\/title>\n<meta name=\"description\" content=\"Legal news and important law updates affecting businesses and individuals, with professional legal commentary.\" \/>\n<meta name=\"robots\" content=\"index, follow, max-snippet:-1, max-image-preview:large, max-video-preview:-1\" \/>\n<link rel=\"canonical\" href=\"https:\/\/ambylegal.by\/de\/news\/\" \/>\n<meta property=\"og:locale\" content=\"de_DE\" \/>\n<meta property=\"og:type\" content=\"article\" \/>\n<meta property=\"og:title\" content=\"Nachricht - Amby Legal\" \/>\n<meta property=\"og:description\" content=\"Legal news and important law updates affecting businesses and individuals, with professional legal commentary.\" \/>\n<meta property=\"og:url\" content=\"https:\/\/ambylegal.by\/de\/news\/\" \/>\n<meta property=\"og:site_name\" content=\"Amby Legal\" \/>\n<meta property=\"article:modified_time\" content=\"2026-04-14T10:06:43+00:00\" \/>\n<meta name=\"twitter:card\" content=\"summary_large_image\" \/>\n<script type=\"application\/ld+json\" class=\"yoast-schema-graph\">{\"@context\":\"https:\\\/\\\/schema.org\",\"@graph\":[{\"@type\":\"WebPage\",\"@id\":\"https:\\\/\\\/ambylegal.by\\\/de\\\/news\\\/\",\"url\":\"https:\\\/\\\/ambylegal.by\\\/de\\\/news\\\/\",\"name\":\"Nachricht - Amby Legal\",\"isPartOf\":{\"@id\":\"https:\\\/\\\/ambylegal.by\\\/de\\\/#website\"},\"datePublished\":\"2023-04-21T16:44:57+00:00\",\"dateModified\":\"2026-04-14T10:06:43+00:00\",\"description\":\"Legal news and important law updates affecting businesses and individuals, with professional legal commentary.\",\"breadcrumb\":{\"@id\":\"https:\\\/\\\/ambylegal.by\\\/de\\\/news\\\/#breadcrumb\"},\"inLanguage\":\"de\",\"potentialAction\":[{\"@type\":\"ReadAction\",\"target\":[\"https:\\\/\\\/ambylegal.by\\\/de\\\/news\\\/\"]}]},{\"@type\":\"BreadcrumbList\",\"@id\":\"https:\\\/\\\/ambylegal.by\\\/de\\\/news\\\/#breadcrumb\",\"itemListElement\":[{\"@type\":\"ListItem\",\"position\":1,\"name\":\"Home\",\"item\":\"https:\\\/\\\/ambylegal.by\\\/de\\\/\"},{\"@type\":\"ListItem\",\"position\":2,\"name\":\"Nachricht\"}]},{\"@type\":\"WebSite\",\"@id\":\"https:\\\/\\\/ambylegal.by\\\/de\\\/#website\",\"url\":\"https:\\\/\\\/ambylegal.by\\\/de\\\/\",\"name\":\"Amby Legal\",\"description\":\"\",\"publisher\":{\"@id\":\"https:\\\/\\\/ambylegal.by\\\/de\\\/#organization\"},\"potentialAction\":[{\"@type\":\"SearchAction\",\"target\":{\"@type\":\"EntryPoint\",\"urlTemplate\":\"https:\\\/\\\/ambylegal.by\\\/de\\\/?s={search_term_string}\"},\"query-input\":{\"@type\":\"PropertyValueSpecification\",\"valueRequired\":true,\"valueName\":\"search_term_string\"}}],\"inLanguage\":\"de\"},{\"@type\":\"Organization\",\"@id\":\"https:\\\/\\\/ambylegal.by\\\/de\\\/#organization\",\"name\":\"Amby Legal\",\"url\":\"https:\\\/\\\/ambylegal.by\\\/de\\\/\",\"logo\":{\"@type\":\"ImageObject\",\"inLanguage\":\"de\",\"@id\":\"https:\\\/\\\/ambylegal.by\\\/de\\\/#\\\/schema\\\/logo\\\/image\\\/\",\"url\":\"https:\\\/\\\/ambylegal.by\\\/wp-content\\\/uploads\\\/2026\\\/02\\\/logo-dark.svg\",\"contentUrl\":\"https:\\\/\\\/ambylegal.by\\\/wp-content\\\/uploads\\\/2026\\\/02\\\/logo-dark.svg\",\"width\":117,\"height\":24,\"caption\":\"Amby Legal\"},\"image\":{\"@id\":\"https:\\\/\\\/ambylegal.by\\\/de\\\/#\\\/schema\\\/logo\\\/image\\\/\"}}]}<\/script>\n<!-- \/ Yoast SEO plugin. -->","yoast_head_json":{"title":"Nachricht - Amby Legal","description":"Legal news and important law updates affecting businesses and individuals, with professional legal commentary.","robots":{"index":"index","follow":"follow","max-snippet":"max-snippet:-1","max-image-preview":"max-image-preview:large","max-video-preview":"max-video-preview:-1"},"canonical":"https:\/\/ambylegal.by\/de\/news\/","og_locale":"de_DE","og_type":"article","og_title":"Nachricht - Amby Legal","og_description":"Legal news and important law updates affecting businesses and individuals, with professional legal commentary.","og_url":"https:\/\/ambylegal.by\/de\/news\/","og_site_name":"Amby Legal","article_modified_time":"2026-04-14T10:06:43+00:00","twitter_card":"summary_large_image","schema":{"@context":"https:\/\/schema.org","@graph":[{"@type":"WebPage","@id":"https:\/\/ambylegal.by\/de\/news\/","url":"https:\/\/ambylegal.by\/de\/news\/","name":"Nachricht - Amby Legal","isPartOf":{"@id":"https:\/\/ambylegal.by\/de\/#website"},"datePublished":"2023-04-21T16:44:57+00:00","dateModified":"2026-04-14T10:06:43+00:00","description":"Legal news and important law updates affecting businesses and individuals, with professional legal commentary.","breadcrumb":{"@id":"https:\/\/ambylegal.by\/de\/news\/#breadcrumb"},"inLanguage":"de","potentialAction":[{"@type":"ReadAction","target":["https:\/\/ambylegal.by\/de\/news\/"]}]},{"@type":"BreadcrumbList","@id":"https:\/\/ambylegal.by\/de\/news\/#breadcrumb","itemListElement":[{"@type":"ListItem","position":1,"name":"Home","item":"https:\/\/ambylegal.by\/de\/"},{"@type":"ListItem","position":2,"name":"Nachricht"}]},{"@type":"WebSite","@id":"https:\/\/ambylegal.by\/de\/#website","url":"https:\/\/ambylegal.by\/de\/","name":"Amby Legal","description":"","publisher":{"@id":"https:\/\/ambylegal.by\/de\/#organization"},"potentialAction":[{"@type":"SearchAction","target":{"@type":"EntryPoint","urlTemplate":"https:\/\/ambylegal.by\/de\/?s={search_term_string}"},"query-input":{"@type":"PropertyValueSpecification","valueRequired":true,"valueName":"search_term_string"}}],"inLanguage":"de"},{"@type":"Organization","@id":"https:\/\/ambylegal.by\/de\/#organization","name":"Amby Legal","url":"https:\/\/ambylegal.by\/de\/","logo":{"@type":"ImageObject","inLanguage":"de","@id":"https:\/\/ambylegal.by\/de\/#\/schema\/logo\/image\/","url":"https:\/\/ambylegal.by\/wp-content\/uploads\/2026\/02\/logo-dark.svg","contentUrl":"https:\/\/ambylegal.by\/wp-content\/uploads\/2026\/02\/logo-dark.svg","width":117,"height":24,"caption":"Amby Legal"},"image":{"@id":"https:\/\/ambylegal.by\/de\/#\/schema\/logo\/image\/"}}]}},"_links":{"self":[{"href":"https:\/\/ambylegal.by\/de\/wp-json\/wp\/v2\/pages\/17430","targetHints":{"allow":["GET"]}}],"collection":[{"href":"https:\/\/ambylegal.by\/de\/wp-json\/wp\/v2\/pages"}],"about":[{"href":"https:\/\/ambylegal.by\/de\/wp-json\/wp\/v2\/types\/page"}],"author":[{"embeddable":true,"href":"https:\/\/ambylegal.by\/de\/wp-json\/wp\/v2\/users\/1"}],"replies":[{"embeddable":true,"href":"https:\/\/ambylegal.by\/de\/wp-json\/wp\/v2\/comments?post=17430"}],"version-history":[{"count":2,"href":"https:\/\/ambylegal.by\/de\/wp-json\/wp\/v2\/pages\/17430\/revisions"}],"predecessor-version":[{"id":17433,"href":"https:\/\/ambylegal.by\/de\/wp-json\/wp\/v2\/pages\/17430\/revisions\/17433"}],"wp:attachment":[{"href":"https:\/\/ambylegal.by\/de\/wp-json\/wp\/v2\/media?parent=17430"}],"curies":[{"name":"wp","href":"https:\/\/api.w.org\/{rel}","templated":true}]}}