{"id":17484,"date":"2023-04-21T14:02:51","date_gmt":"2023-04-21T11:02:51","guid":{"rendered":"https:\/\/ambylegal.by\/?page_id=17484"},"modified":"2026-05-06T16:13:34","modified_gmt":"2026-05-06T13:13:34","slug":"privacy-policy","status":"publish","type":"page","link":"https:\/\/ambylegal.by\/de\/privacy-policy\/","title":{"rendered":"Datenschutzerkl\u00e4rung"},"content":{"rendered":"<div class=\"content-wrapper  wp-block-custom-container\"><div class=\"container\">\n<div class=\"yoast-breadcrumbs\"><span><span><a href=\"https:\/\/ambylegal.by\/de\/\">Home<\/a><\/span> <i class=\"sep\"><\/i> <span class=\"breadcrumb_last\" aria-current=\"page\">Datenschutzerkl\u00e4rung<\/span><\/span><\/div>\n\n\n<h1 class=\"wp-block-heading\"><strong>Datenschutzerkl\u00e4rung<\/strong><\/h1>\n\n\n\n<p>Bei https:\/\/ambylegal.by nehmen wir Ihre Privatsph\u00e4re ernst. Durch die Nutzung unserer Website stimmen Sie den Bedingungen dieser Datenschutzerkl\u00e4rung zu.<\/p>\n\n\n\n<h2 class=\"wp-block-heading\"><strong>Nutzung von Website-Informationen<\/strong><\/h2>\n\n\n\n<p>Wir verstehen die Bedeutung des Zugangs zu unseren Inhalten. Als Nutzer d\u00fcrfen Sie einzelne Artikel oder Seiten ausschlie\u00dflich f\u00fcr den pers\u00f6nlichen Gebrauch ausdrucken. Sie d\u00fcrfen jedoch keine Informationen von der Website weitergeben oder verteilen, ohne zuvor die Zustimmung unserer Administration eingeholt zu haben.<\/p>\n\n\n\n<h2 class=\"wp-block-heading\"><strong>Erhebung und Nutzung personenbezogener Daten<\/strong><\/h2>\n\n\n\n<p>Wenn Sie unsere Website besuchen, k\u00f6nnen wir private Informationen \u00fcber Sie erheben, einschlie\u00dflich Ihrer eindeutigen Internetprotokolladresse (IP-Adresse), Ihres Internetdienstanbieters, Ihres Stadtstandorts und Ihres Browsertyps. Wir k\u00f6nnen auch Informationen erheben, die Sie uns \u00fcbermitteln, wenn Sie uns E-Mails senden oder Website-Updates abonnieren.<\/p>\n\n\n\n<p>Wir erheben diese Daten, um den Datenverkehr zu \u00fcberwachen, Fehler zu beheben und die Nutzererfahrung zu verbessern. Wenn Sie Fragen dazu haben, wie wir Ihre personenbezogenen Daten verwenden, wenden Sie sich bitte an uns unter: <a href=\"mailto:info@ambylegal.by\">info@ambylegal.by<\/a><\/p>\n\n\n\n<h2 class=\"wp-block-heading\"><strong>Weitergabe personenbezogener Daten an Dritte<\/strong><\/h2>\n\n\n\n<p>Wir nehmen die Sicherheit Ihrer pers\u00f6nlichen Daten ernst und verpflichten uns, diese zu sch\u00fctzen. Wir halten allgemein anerkannte Sicherheitspraktiken ein, um sicherzustellen, dass Ihre Daten vor Verlust, Verzerrung und unbefugter Weitergabe gesch\u00fctzt sind.<\/p>\n\n\n\n<p>Wir k\u00f6nnen Cookies verwenden, um die Nutzererfahrung zu verbessern, Informationen wie die Zeit Ihres Besuchs zu speichern und Ihre Pr\u00e4ferenzen zu merken.<\/p>\n\n\n\n<h2 class=\"wp-block-heading\"><strong>Anwendbares Recht und Zust\u00e4ndigkeit<\/strong><\/h2>\n\n\n\n<p>Die Nutzung unserer Website unterliegt den Gesetzen der Republik Belarus. Wenn Sie Fragen oder Bedenken zu dieser Datenschutzerkl\u00e4rung oder dazu haben, wie wir Ihre personenbezogenen Daten erheben, verwenden oder offenlegen, wenden Sie sich bitte an uns unter: <a href=\"mailto:info@ambylegal.by\">info@ambylegal.by<\/a><\/p>\n\n<\/div><\/div>","protected":false},"excerpt":{"rendered":"","protected":false},"author":1,"featured_media":17486,"parent":0,"menu_order":0,"comment_status":"closed","ping_status":"open","template":"page-templates\/template-canvas.php","meta":{"_acf_changed":false,"footnotes":""},"class_list":["post-17484","page","type-page","status-publish","has-post-thumbnail","hentry"],"acf":[],"yoast_head":"<!-- This site is optimized with the Yoast SEO plugin v27.5 - https:\/\/yoast.com\/product\/yoast-seo-wordpress\/ -->\n<title>Datenschutzerkl\u00e4rung | Amby Legal<\/title>\n<meta name=\"description\" content=\"Datenschutzerkl\u00e4rung von AMBY Legal \u2013 Informationen zur Erhebung, Nutzung und zum Schutz Ihrer pers\u00f6nlichen Daten auf ambylegal.by.\" \/>\n<meta name=\"robots\" content=\"index, follow, max-snippet:-1, max-image-preview:large, max-video-preview:-1\" \/>\n<link rel=\"canonical\" href=\"https:\/\/ambylegal.by\/de\/privacy-policy\/\" \/>\n<meta property=\"og:locale\" content=\"de_DE\" \/>\n<meta property=\"og:type\" content=\"article\" \/>\n<meta property=\"og:title\" content=\"Datenschutzerkl\u00e4rung | Amby Legal\" \/>\n<meta property=\"og:description\" content=\"Datenschutzerkl\u00e4rung von AMBY Legal \u2013 Informationen zur Erhebung, Nutzung und zum Schutz Ihrer pers\u00f6nlichen Daten auf ambylegal.by.\" \/>\n<meta property=\"og:url\" content=\"https:\/\/ambylegal.by\/de\/privacy-policy\/\" \/>\n<meta property=\"og:site_name\" content=\"Amby Legal\" \/>\n<meta property=\"article:modified_time\" content=\"2026-05-06T13:13:34+00:00\" \/>\n<meta property=\"og:image\" content=\"https:\/\/ambylegal.by\/wp-content\/uploads\/2023\/04\/07-scaled.webp\" \/>\n\t<meta property=\"og:image:width\" content=\"2560\" \/>\n\t<meta property=\"og:image:height\" content=\"953\" \/>\n\t<meta property=\"og:image:type\" content=\"image\/webp\" \/>\n<meta name=\"twitter:card\" content=\"summary_large_image\" \/>\n<meta name=\"twitter:label1\" content=\"Gesch\u00e4tzte Lesezeit\" \/>\n\t<meta name=\"twitter:data1\" content=\"2\u00a0Minuten\" \/>\n<script type=\"application\/ld+json\" class=\"yoast-schema-graph\">{\"@context\":\"https:\\\/\\\/schema.org\",\"@graph\":[{\"@type\":\"WebPage\",\"@id\":\"https:\\\/\\\/ambylegal.by\\\/de\\\/privacy-policy\\\/\",\"url\":\"https:\\\/\\\/ambylegal.by\\\/de\\\/privacy-policy\\\/\",\"name\":\"Datenschutzerkl\u00e4rung | Amby Legal\",\"isPartOf\":{\"@id\":\"https:\\\/\\\/ambylegal.by\\\/de\\\/#website\"},\"primaryImageOfPage\":{\"@id\":\"https:\\\/\\\/ambylegal.by\\\/de\\\/privacy-policy\\\/#primaryimage\"},\"image\":{\"@id\":\"https:\\\/\\\/ambylegal.by\\\/de\\\/privacy-policy\\\/#primaryimage\"},\"thumbnailUrl\":\"https:\\\/\\\/ambylegal.by\\\/wp-content\\\/uploads\\\/2023\\\/04\\\/07-scaled.webp\",\"datePublished\":\"2023-04-21T11:02:51+00:00\",\"dateModified\":\"2026-05-06T13:13:34+00:00\",\"description\":\"Datenschutzerkl\u00e4rung von AMBY Legal \u2013 Informationen zur Erhebung, Nutzung und zum Schutz Ihrer pers\u00f6nlichen Daten auf ambylegal.by.\",\"breadcrumb\":{\"@id\":\"https:\\\/\\\/ambylegal.by\\\/de\\\/privacy-policy\\\/#breadcrumb\"},\"inLanguage\":\"de\",\"potentialAction\":[{\"@type\":\"ReadAction\",\"target\":[\"https:\\\/\\\/ambylegal.by\\\/de\\\/privacy-policy\\\/\"]}]},{\"@type\":\"ImageObject\",\"inLanguage\":\"de\",\"@id\":\"https:\\\/\\\/ambylegal.by\\\/de\\\/privacy-policy\\\/#primaryimage\",\"url\":\"https:\\\/\\\/ambylegal.by\\\/wp-content\\\/uploads\\\/2023\\\/04\\\/07-scaled.webp\",\"contentUrl\":\"https:\\\/\\\/ambylegal.by\\\/wp-content\\\/uploads\\\/2023\\\/04\\\/07-scaled.webp\",\"width\":2560,\"height\":953},{\"@type\":\"BreadcrumbList\",\"@id\":\"https:\\\/\\\/ambylegal.by\\\/de\\\/privacy-policy\\\/#breadcrumb\",\"itemListElement\":[{\"@type\":\"ListItem\",\"position\":1,\"name\":\"Home\",\"item\":\"https:\\\/\\\/ambylegal.by\\\/de\\\/\"},{\"@type\":\"ListItem\",\"position\":2,\"name\":\"Datenschutzerkl\u00e4rung\"}]},{\"@type\":\"WebSite\",\"@id\":\"https:\\\/\\\/ambylegal.by\\\/de\\\/#website\",\"url\":\"https:\\\/\\\/ambylegal.by\\\/de\\\/\",\"name\":\"Amby Legal\",\"description\":\"\",\"publisher\":{\"@id\":\"https:\\\/\\\/ambylegal.by\\\/de\\\/#organization\"},\"potentialAction\":[{\"@type\":\"SearchAction\",\"target\":{\"@type\":\"EntryPoint\",\"urlTemplate\":\"https:\\\/\\\/ambylegal.by\\\/de\\\/?s={search_term_string}\"},\"query-input\":{\"@type\":\"PropertyValueSpecification\",\"valueRequired\":true,\"valueName\":\"search_term_string\"}}],\"inLanguage\":\"de\"},{\"@type\":\"Organization\",\"@id\":\"https:\\\/\\\/ambylegal.by\\\/de\\\/#organization\",\"name\":\"Amby Legal\",\"url\":\"https:\\\/\\\/ambylegal.by\\\/de\\\/\",\"logo\":{\"@type\":\"ImageObject\",\"inLanguage\":\"de\",\"@id\":\"https:\\\/\\\/ambylegal.by\\\/de\\\/#\\\/schema\\\/logo\\\/image\\\/\",\"url\":\"https:\\\/\\\/ambylegal.by\\\/wp-content\\\/uploads\\\/2026\\\/02\\\/logo-dark.svg\",\"contentUrl\":\"https:\\\/\\\/ambylegal.by\\\/wp-content\\\/uploads\\\/2026\\\/02\\\/logo-dark.svg\",\"width\":117,\"height\":24,\"caption\":\"Amby Legal\"},\"image\":{\"@id\":\"https:\\\/\\\/ambylegal.by\\\/de\\\/#\\\/schema\\\/logo\\\/image\\\/\"}}]}<\/script>\n<!-- \/ Yoast SEO plugin. -->","yoast_head_json":{"title":"Datenschutzerkl\u00e4rung | Amby Legal","description":"Datenschutzerkl\u00e4rung von AMBY Legal \u2013 Informationen zur Erhebung, Nutzung und zum Schutz Ihrer pers\u00f6nlichen Daten auf ambylegal.by.","robots":{"index":"index","follow":"follow","max-snippet":"max-snippet:-1","max-image-preview":"max-image-preview:large","max-video-preview":"max-video-preview:-1"},"canonical":"https:\/\/ambylegal.by\/de\/privacy-policy\/","og_locale":"de_DE","og_type":"article","og_title":"Datenschutzerkl\u00e4rung | Amby Legal","og_description":"Datenschutzerkl\u00e4rung von AMBY Legal \u2013 Informationen zur Erhebung, Nutzung und zum Schutz Ihrer pers\u00f6nlichen Daten auf ambylegal.by.","og_url":"https:\/\/ambylegal.by\/de\/privacy-policy\/","og_site_name":"Amby Legal","article_modified_time":"2026-05-06T13:13:34+00:00","og_image":[{"width":2560,"height":953,"url":"https:\/\/ambylegal.by\/wp-content\/uploads\/2023\/04\/07-scaled.webp","type":"image\/webp"}],"twitter_card":"summary_large_image","twitter_misc":{"Gesch\u00e4tzte Lesezeit":"2\u00a0Minuten"},"schema":{"@context":"https:\/\/schema.org","@graph":[{"@type":"WebPage","@id":"https:\/\/ambylegal.by\/de\/privacy-policy\/","url":"https:\/\/ambylegal.by\/de\/privacy-policy\/","name":"Datenschutzerkl\u00e4rung | Amby Legal","isPartOf":{"@id":"https:\/\/ambylegal.by\/de\/#website"},"primaryImageOfPage":{"@id":"https:\/\/ambylegal.by\/de\/privacy-policy\/#primaryimage"},"image":{"@id":"https:\/\/ambylegal.by\/de\/privacy-policy\/#primaryimage"},"thumbnailUrl":"https:\/\/ambylegal.by\/wp-content\/uploads\/2023\/04\/07-scaled.webp","datePublished":"2023-04-21T11:02:51+00:00","dateModified":"2026-05-06T13:13:34+00:00","description":"Datenschutzerkl\u00e4rung von AMBY Legal \u2013 Informationen zur Erhebung, Nutzung und zum Schutz Ihrer pers\u00f6nlichen Daten auf ambylegal.by.","breadcrumb":{"@id":"https:\/\/ambylegal.by\/de\/privacy-policy\/#breadcrumb"},"inLanguage":"de","potentialAction":[{"@type":"ReadAction","target":["https:\/\/ambylegal.by\/de\/privacy-policy\/"]}]},{"@type":"ImageObject","inLanguage":"de","@id":"https:\/\/ambylegal.by\/de\/privacy-policy\/#primaryimage","url":"https:\/\/ambylegal.by\/wp-content\/uploads\/2023\/04\/07-scaled.webp","contentUrl":"https:\/\/ambylegal.by\/wp-content\/uploads\/2023\/04\/07-scaled.webp","width":2560,"height":953},{"@type":"BreadcrumbList","@id":"https:\/\/ambylegal.by\/de\/privacy-policy\/#breadcrumb","itemListElement":[{"@type":"ListItem","position":1,"name":"Home","item":"https:\/\/ambylegal.by\/de\/"},{"@type":"ListItem","position":2,"name":"Datenschutzerkl\u00e4rung"}]},{"@type":"WebSite","@id":"https:\/\/ambylegal.by\/de\/#website","url":"https:\/\/ambylegal.by\/de\/","name":"Amby Legal","description":"","publisher":{"@id":"https:\/\/ambylegal.by\/de\/#organization"},"potentialAction":[{"@type":"SearchAction","target":{"@type":"EntryPoint","urlTemplate":"https:\/\/ambylegal.by\/de\/?s={search_term_string}"},"query-input":{"@type":"PropertyValueSpecification","valueRequired":true,"valueName":"search_term_string"}}],"inLanguage":"de"},{"@type":"Organization","@id":"https:\/\/ambylegal.by\/de\/#organization","name":"Amby Legal","url":"https:\/\/ambylegal.by\/de\/","logo":{"@type":"ImageObject","inLanguage":"de","@id":"https:\/\/ambylegal.by\/de\/#\/schema\/logo\/image\/","url":"https:\/\/ambylegal.by\/wp-content\/uploads\/2026\/02\/logo-dark.svg","contentUrl":"https:\/\/ambylegal.by\/wp-content\/uploads\/2026\/02\/logo-dark.svg","width":117,"height":24,"caption":"Amby Legal"},"image":{"@id":"https:\/\/ambylegal.by\/de\/#\/schema\/logo\/image\/"}}]}},"_links":{"self":[{"href":"https:\/\/ambylegal.by\/de\/wp-json\/wp\/v2\/pages\/17484","targetHints":{"allow":["GET"]}}],"collection":[{"href":"https:\/\/ambylegal.by\/de\/wp-json\/wp\/v2\/pages"}],"about":[{"href":"https:\/\/ambylegal.by\/de\/wp-json\/wp\/v2\/types\/page"}],"author":[{"embeddable":true,"href":"https:\/\/ambylegal.by\/de\/wp-json\/wp\/v2\/users\/1"}],"replies":[{"embeddable":true,"href":"https:\/\/ambylegal.by\/de\/wp-json\/wp\/v2\/comments?post=17484"}],"version-history":[{"count":1,"href":"https:\/\/ambylegal.by\/de\/wp-json\/wp\/v2\/pages\/17484\/revisions"}],"predecessor-version":[{"id":17485,"href":"https:\/\/ambylegal.by\/de\/wp-json\/wp\/v2\/pages\/17484\/revisions\/17485"}],"wp:featuredmedia":[{"embeddable":true,"href":"https:\/\/ambylegal.by\/de\/wp-json\/wp\/v2\/media\/17486"}],"wp:attachment":[{"href":"https:\/\/ambylegal.by\/de\/wp-json\/wp\/v2\/media?parent=17484"}],"curies":[{"name":"wp","href":"https:\/\/api.w.org\/{rel}","templated":true}]}}