{"id":17487,"date":"2023-04-21T20:14:56","date_gmt":"2023-04-21T17:14:56","guid":{"rendered":"https:\/\/ambylegal.by\/?page_id=17487"},"modified":"2026-05-06T16:14:03","modified_gmt":"2026-05-06T13:14:03","slug":"career","status":"publish","type":"page","link":"https:\/\/ambylegal.by\/de\/career\/","title":{"rendered":"Karrierem\u00f6glichkeiten und Praktikum"},"content":{"rendered":"<section class=\"first-screen\">\r\n\t<img decoding=\"async\" width=\"2560\" height=\"1440\" src=\"https:\/\/ambylegal.by\/wp-content\/uploads\/2026\/02\/bg-scaled.webp\" class=\"first-screen__bg\" alt=\"\" fetchpriority=\"high\" srcset=\"https:\/\/ambylegal.by\/wp-content\/uploads\/2026\/02\/bg-scaled.webp 2560w, https:\/\/ambylegal.by\/wp-content\/uploads\/2026\/02\/bg-300x169.webp 300w, https:\/\/ambylegal.by\/wp-content\/uploads\/2026\/02\/bg-1024x576.webp 1024w, https:\/\/ambylegal.by\/wp-content\/uploads\/2026\/02\/bg-768x432.webp 768w, https:\/\/ambylegal.by\/wp-content\/uploads\/2026\/02\/bg-1536x864.webp 1536w, https:\/\/ambylegal.by\/wp-content\/uploads\/2026\/02\/bg-2048x1152.webp 2048w\" sizes=\"(max-width: 2560px) 100vw, 2560px\" \/>\r\n    <div class=\"container\">\r\n        <div class=\"first-screen__content\">\r\n\t                 \r\n\t\t\t                <h1 class=\"first-screen__title\">Karrierem\u00f6glichkeiten und Praktikum<\/h1>\r\n\t\t\t\t\t\t\r\n\t\t\t\t\t\t\r\n\t\t\t                <div class=\"first-screen__action\">\r\n                    <a href=\"#contact\" class=\"first-screen__button btn btn--secondary\" target=\"_self\">\r\n\t\t\t\t\t\tContact Us                        <span class=\"btn__icon btn__icon--arrow\"><\/span>\r\n                    <\/a>\r\n                <\/div>\r\n\t\t\t        <\/div>\r\n    <\/div>\r\n<\/section>\r\n\n\n<div class=\"content-wrapper content-wrapper--lg content-wrapper--lg wp-block-custom-container\"><div class=\"container\">\n<div class=\"yoast-breadcrumbs\"><span><span><a href=\"https:\/\/ambylegal.by\/de\/\">Home<\/a><\/span> <i class=\"sep\"><\/i> <span class=\"breadcrumb_last\" aria-current=\"page\">Karrierem\u00f6glichkeiten und Praktikum<\/span><\/span><\/div>\n\n\n<blockquote class=\"wp-block-quote is-layout-flow wp-block-quote-is-layout-flow\">\n<h2 class=\"wp-block-heading\"><strong>Was wir bieten<\/strong><\/h2>\n\n\n\n<p>Bei AMBY Legal sind wir stets auf der Suche nach talentierten Pers\u00f6nlichkeiten, die eine Leidenschaft f\u00fcr das Recht mitbringen und sich f\u00fcr erstklassige Rechtsdienstleistungen einsetzen. Wir sind davon \u00fcberzeugt, dass unser Erfolg als Kanzlei ma\u00dfgeblich auf der Qualit\u00e4t unseres Teams beruht. Daher freuen wir uns jederzeit \u00fcber Bewerbungen von erfahrenen Rechtsanw\u00e4lten, Hochschulabsolventen und Jurastudenten, die unsere Werte teilen und eine Karriere im Rechtsbereich anstreben.<\/p>\n\n\n\n<p>Wir bieten vielf\u00e4ltige Karrierem\u00f6glichkeiten f\u00fcr Personen in allen Phasen ihrer juristischen Laufbahn \u2013 von Praktika und Referendariaten f\u00fcr Jurastudenten \u00fcber Einstiegspositionen f\u00fcr Berufsanf\u00e4nger bis hin zu Stellen f\u00fcr erfahrene Anw\u00e4lte mit nachgewiesener Erfolgsbilanz. Dar\u00fcber hinaus f\u00f6rdern wir die kontinuierliche fachliche Weiterentwicklung unserer Mitarbeiter, damit sie stets \u00fcber die neuesten rechtlichen Entwicklungen und Best Practices in ihren jeweiligen T\u00e4tigkeitsbereichen informiert sind.<\/p>\n<\/blockquote>\n\n\n\n<h2 class=\"wp-block-heading\"><strong>M\u00f6glichkeiten f\u00fcr Studierende<\/strong><\/h2>\n\n\n\n<p>F\u00fcr Jurastudierende bieten wir Praktikumsprogramme an, die praktische Erfahrungen und Schulungen in verschiedenen Rechtsbereichen erm\u00f6glichen, darunter:<\/p>\n\n\n\n<ul class=\"wp-block-list\">\n<li>Wirtschaftsrecht<\/li>\n\n\n\n<li>Prozessf\u00fchrung<\/li>\n\n\n\n<li>Personenschadensrecht<\/li>\n\n\n\n<li>Familienrecht<\/li>\n<\/ul>\n\n\n\n<p>Unsere Praktikumsprogramme sind darauf ausgelegt, den Teilnehmern praxisnahe Erfahrungen, Mentoring durch erfahrene Rechtsanw\u00e4lte sowie Einblicke in den Alltag einer arbeitsreichen Kanzlei zu vermitteln.<\/p>\n\n\n\n<p><strong>M\u00f6glichkeiten f\u00fcr erfahrene Rechtsanw\u00e4lte<\/strong><\/p>\n\n\n\n<p>F\u00fcr erfahrene Rechtsanw\u00e4lte bieten wir ein dynamisches und anspruchsvolles Arbeitsumfeld, in dem sie ihre F\u00e4higkeiten und Erfahrungen gezielt einsetzen k\u00f6nnen, um unseren Mandanten bei der Erreichung ihrer rechtlichen Ziele zu helfen. Wir freuen uns \u00fcber Bewerbungen von Anw\u00e4lten, die in ihrem jeweiligen T\u00e4tigkeitsbereich nachweisliche Erfolge vorweisen und an einer Mitarbeit in unserem Team interessiert sind.<\/p>\n\n\n\n<p>Wenn Sie eine herausfordernde und erf\u00fcllende Karriere im Rechtsbereich anstreben, sollten Sie erw\u00e4gen, unser Team zu verst\u00e4rken. Kontaktieren Sie uns noch heute, um mehr \u00fcber unsere Karrierem\u00f6glichkeiten und Praktikumsprogramme zu erfahren, wie Sie Teil unseres Teams hochqualifizierter Juristen werden k\u00f6nnen.<\/p>\n\n\n\n<p><strong>Wie Sie Teil unseres Teams werden<\/strong><\/p>\n\n\n\n<p>Um sich zu bewerben, senden Sie bitte Ihren Lebenslauf und ein Anschreiben an: <strong><a href=\"mailto:info@ambylegal.by\">info@ambylegal.by<\/a><\/strong><\/p>\n\n\n\n<p>Unser Team wird Ihre Bewerbung pr\u00fcfen und sich so bald wie m\u00f6glich bei Ihnen melden. Bewerber, die ein Praktikum in unserem Unternehmen erfolgreich abgeschlossen haben, k\u00f6nnen bei einer offenen Stelle in die Festanstellung \u00fcbernommen werden.<\/p>\n\n<\/div><\/div>","protected":false},"excerpt":{"rendered":"","protected":false},"author":1,"featured_media":17489,"parent":0,"menu_order":0,"comment_status":"closed","ping_status":"closed","template":"page-templates\/template-canvas.php","meta":{"_acf_changed":false,"footnotes":""},"class_list":["post-17487","page","type-page","status-publish","has-post-thumbnail","hentry"],"acf":[],"yoast_head":"<!-- This site is optimized with the Yoast SEO plugin v27.5 - https:\/\/yoast.com\/product\/yoast-seo-wordpress\/ -->\n<title>Karriere und Praktikum | Amby Legal<\/title>\n<meta name=\"description\" content=\"Starten Sie Ihre juristische Karriere bei AMBY Legal in Minsk. Wir bieten Praktika f\u00fcr Jurastudenten, Einstiegspositionen f\u00fcr Absolventen und Stellen f\u00fcr erfahrene Rechtsanw\u00e4lte. Jetzt bewerben.\" \/>\n<meta name=\"robots\" content=\"index, follow, max-snippet:-1, max-image-preview:large, max-video-preview:-1\" \/>\n<link rel=\"canonical\" href=\"https:\/\/ambylegal.by\/de\/career\/\" \/>\n<meta property=\"og:locale\" content=\"de_DE\" \/>\n<meta property=\"og:type\" content=\"article\" \/>\n<meta property=\"og:title\" content=\"Karriere und Praktikum | Amby Legal\" \/>\n<meta property=\"og:description\" content=\"Starten Sie Ihre juristische Karriere bei AMBY Legal in Minsk. Wir bieten Praktika f\u00fcr Jurastudenten, Einstiegspositionen f\u00fcr Absolventen und Stellen f\u00fcr erfahrene Rechtsanw\u00e4lte. Jetzt bewerben.\" \/>\n<meta property=\"og:url\" content=\"https:\/\/ambylegal.by\/de\/career\/\" \/>\n<meta property=\"og:site_name\" content=\"Amby Legal\" \/>\n<meta property=\"article:modified_time\" content=\"2026-05-06T13:14:03+00:00\" \/>\n<meta property=\"og:image\" content=\"https:\/\/ambylegal.by\/wp-content\/uploads\/2023\/04\/09-scaled.webp\" \/>\n\t<meta property=\"og:image:width\" content=\"2560\" \/>\n\t<meta property=\"og:image:height\" content=\"1067\" \/>\n\t<meta property=\"og:image:type\" content=\"image\/webp\" \/>\n<meta name=\"twitter:card\" content=\"summary_large_image\" \/>\n<meta name=\"twitter:label1\" content=\"Gesch\u00e4tzte Lesezeit\" \/>\n\t<meta name=\"twitter:data1\" content=\"2\u00a0Minuten\" \/>\n<script type=\"application\/ld+json\" class=\"yoast-schema-graph\">{\"@context\":\"https:\\\/\\\/schema.org\",\"@graph\":[{\"@type\":\"WebPage\",\"@id\":\"https:\\\/\\\/ambylegal.by\\\/de\\\/career\\\/\",\"url\":\"https:\\\/\\\/ambylegal.by\\\/de\\\/career\\\/\",\"name\":\"Karriere und Praktikum | Amby Legal\",\"isPartOf\":{\"@id\":\"https:\\\/\\\/ambylegal.by\\\/de\\\/#website\"},\"primaryImageOfPage\":{\"@id\":\"https:\\\/\\\/ambylegal.by\\\/de\\\/career\\\/#primaryimage\"},\"image\":{\"@id\":\"https:\\\/\\\/ambylegal.by\\\/de\\\/career\\\/#primaryimage\"},\"thumbnailUrl\":\"https:\\\/\\\/ambylegal.by\\\/wp-content\\\/uploads\\\/2023\\\/04\\\/09-scaled.webp\",\"datePublished\":\"2023-04-21T17:14:56+00:00\",\"dateModified\":\"2026-05-06T13:14:03+00:00\",\"description\":\"Starten Sie Ihre juristische Karriere bei AMBY Legal in Minsk. Wir bieten Praktika f\u00fcr Jurastudenten, Einstiegspositionen f\u00fcr Absolventen und Stellen f\u00fcr erfahrene Rechtsanw\u00e4lte. Jetzt bewerben.\",\"breadcrumb\":{\"@id\":\"https:\\\/\\\/ambylegal.by\\\/de\\\/career\\\/#breadcrumb\"},\"inLanguage\":\"de\",\"potentialAction\":[{\"@type\":\"ReadAction\",\"target\":[\"https:\\\/\\\/ambylegal.by\\\/de\\\/career\\\/\"]}]},{\"@type\":\"ImageObject\",\"inLanguage\":\"de\",\"@id\":\"https:\\\/\\\/ambylegal.by\\\/de\\\/career\\\/#primaryimage\",\"url\":\"https:\\\/\\\/ambylegal.by\\\/wp-content\\\/uploads\\\/2023\\\/04\\\/09-scaled.webp\",\"contentUrl\":\"https:\\\/\\\/ambylegal.by\\\/wp-content\\\/uploads\\\/2023\\\/04\\\/09-scaled.webp\",\"width\":2560,\"height\":1067},{\"@type\":\"BreadcrumbList\",\"@id\":\"https:\\\/\\\/ambylegal.by\\\/de\\\/career\\\/#breadcrumb\",\"itemListElement\":[{\"@type\":\"ListItem\",\"position\":1,\"name\":\"Home\",\"item\":\"https:\\\/\\\/ambylegal.by\\\/de\\\/\"},{\"@type\":\"ListItem\",\"position\":2,\"name\":\"Karrierem\u00f6glichkeiten und Praktikum\"}]},{\"@type\":\"WebSite\",\"@id\":\"https:\\\/\\\/ambylegal.by\\\/de\\\/#website\",\"url\":\"https:\\\/\\\/ambylegal.by\\\/de\\\/\",\"name\":\"Amby Legal\",\"description\":\"\",\"publisher\":{\"@id\":\"https:\\\/\\\/ambylegal.by\\\/de\\\/#organization\"},\"potentialAction\":[{\"@type\":\"SearchAction\",\"target\":{\"@type\":\"EntryPoint\",\"urlTemplate\":\"https:\\\/\\\/ambylegal.by\\\/de\\\/?s={search_term_string}\"},\"query-input\":{\"@type\":\"PropertyValueSpecification\",\"valueRequired\":true,\"valueName\":\"search_term_string\"}}],\"inLanguage\":\"de\"},{\"@type\":\"Organization\",\"@id\":\"https:\\\/\\\/ambylegal.by\\\/de\\\/#organization\",\"name\":\"Amby Legal\",\"url\":\"https:\\\/\\\/ambylegal.by\\\/de\\\/\",\"logo\":{\"@type\":\"ImageObject\",\"inLanguage\":\"de\",\"@id\":\"https:\\\/\\\/ambylegal.by\\\/de\\\/#\\\/schema\\\/logo\\\/image\\\/\",\"url\":\"https:\\\/\\\/ambylegal.by\\\/wp-content\\\/uploads\\\/2026\\\/02\\\/logo-dark.svg\",\"contentUrl\":\"https:\\\/\\\/ambylegal.by\\\/wp-content\\\/uploads\\\/2026\\\/02\\\/logo-dark.svg\",\"width\":117,\"height\":24,\"caption\":\"Amby Legal\"},\"image\":{\"@id\":\"https:\\\/\\\/ambylegal.by\\\/de\\\/#\\\/schema\\\/logo\\\/image\\\/\"}}]}<\/script>\n<!-- \/ Yoast SEO plugin. -->","yoast_head_json":{"title":"Karriere und Praktikum | Amby Legal","description":"Starten Sie Ihre juristische Karriere bei AMBY Legal in Minsk. Wir bieten Praktika f\u00fcr Jurastudenten, Einstiegspositionen f\u00fcr Absolventen und Stellen f\u00fcr erfahrene Rechtsanw\u00e4lte. Jetzt bewerben.","robots":{"index":"index","follow":"follow","max-snippet":"max-snippet:-1","max-image-preview":"max-image-preview:large","max-video-preview":"max-video-preview:-1"},"canonical":"https:\/\/ambylegal.by\/de\/career\/","og_locale":"de_DE","og_type":"article","og_title":"Karriere und Praktikum | Amby Legal","og_description":"Starten Sie Ihre juristische Karriere bei AMBY Legal in Minsk. Wir bieten Praktika f\u00fcr Jurastudenten, Einstiegspositionen f\u00fcr Absolventen und Stellen f\u00fcr erfahrene Rechtsanw\u00e4lte. Jetzt bewerben.","og_url":"https:\/\/ambylegal.by\/de\/career\/","og_site_name":"Amby Legal","article_modified_time":"2026-05-06T13:14:03+00:00","og_image":[{"width":2560,"height":1067,"url":"https:\/\/ambylegal.by\/wp-content\/uploads\/2023\/04\/09-scaled.webp","type":"image\/webp"}],"twitter_card":"summary_large_image","twitter_misc":{"Gesch\u00e4tzte Lesezeit":"2\u00a0Minuten"},"schema":{"@context":"https:\/\/schema.org","@graph":[{"@type":"WebPage","@id":"https:\/\/ambylegal.by\/de\/career\/","url":"https:\/\/ambylegal.by\/de\/career\/","name":"Karriere und Praktikum | Amby Legal","isPartOf":{"@id":"https:\/\/ambylegal.by\/de\/#website"},"primaryImageOfPage":{"@id":"https:\/\/ambylegal.by\/de\/career\/#primaryimage"},"image":{"@id":"https:\/\/ambylegal.by\/de\/career\/#primaryimage"},"thumbnailUrl":"https:\/\/ambylegal.by\/wp-content\/uploads\/2023\/04\/09-scaled.webp","datePublished":"2023-04-21T17:14:56+00:00","dateModified":"2026-05-06T13:14:03+00:00","description":"Starten Sie Ihre juristische Karriere bei AMBY Legal in Minsk. Wir bieten Praktika f\u00fcr Jurastudenten, Einstiegspositionen f\u00fcr Absolventen und Stellen f\u00fcr erfahrene Rechtsanw\u00e4lte. Jetzt bewerben.","breadcrumb":{"@id":"https:\/\/ambylegal.by\/de\/career\/#breadcrumb"},"inLanguage":"de","potentialAction":[{"@type":"ReadAction","target":["https:\/\/ambylegal.by\/de\/career\/"]}]},{"@type":"ImageObject","inLanguage":"de","@id":"https:\/\/ambylegal.by\/de\/career\/#primaryimage","url":"https:\/\/ambylegal.by\/wp-content\/uploads\/2023\/04\/09-scaled.webp","contentUrl":"https:\/\/ambylegal.by\/wp-content\/uploads\/2023\/04\/09-scaled.webp","width":2560,"height":1067},{"@type":"BreadcrumbList","@id":"https:\/\/ambylegal.by\/de\/career\/#breadcrumb","itemListElement":[{"@type":"ListItem","position":1,"name":"Home","item":"https:\/\/ambylegal.by\/de\/"},{"@type":"ListItem","position":2,"name":"Karrierem\u00f6glichkeiten und Praktikum"}]},{"@type":"WebSite","@id":"https:\/\/ambylegal.by\/de\/#website","url":"https:\/\/ambylegal.by\/de\/","name":"Amby Legal","description":"","publisher":{"@id":"https:\/\/ambylegal.by\/de\/#organization"},"potentialAction":[{"@type":"SearchAction","target":{"@type":"EntryPoint","urlTemplate":"https:\/\/ambylegal.by\/de\/?s={search_term_string}"},"query-input":{"@type":"PropertyValueSpecification","valueRequired":true,"valueName":"search_term_string"}}],"inLanguage":"de"},{"@type":"Organization","@id":"https:\/\/ambylegal.by\/de\/#organization","name":"Amby Legal","url":"https:\/\/ambylegal.by\/de\/","logo":{"@type":"ImageObject","inLanguage":"de","@id":"https:\/\/ambylegal.by\/de\/#\/schema\/logo\/image\/","url":"https:\/\/ambylegal.by\/wp-content\/uploads\/2026\/02\/logo-dark.svg","contentUrl":"https:\/\/ambylegal.by\/wp-content\/uploads\/2026\/02\/logo-dark.svg","width":117,"height":24,"caption":"Amby Legal"},"image":{"@id":"https:\/\/ambylegal.by\/de\/#\/schema\/logo\/image\/"}}]}},"_links":{"self":[{"href":"https:\/\/ambylegal.by\/de\/wp-json\/wp\/v2\/pages\/17487","targetHints":{"allow":["GET"]}}],"collection":[{"href":"https:\/\/ambylegal.by\/de\/wp-json\/wp\/v2\/pages"}],"about":[{"href":"https:\/\/ambylegal.by\/de\/wp-json\/wp\/v2\/types\/page"}],"author":[{"embeddable":true,"href":"https:\/\/ambylegal.by\/de\/wp-json\/wp\/v2\/users\/1"}],"replies":[{"embeddable":true,"href":"https:\/\/ambylegal.by\/de\/wp-json\/wp\/v2\/comments?post=17487"}],"version-history":[{"count":1,"href":"https:\/\/ambylegal.by\/de\/wp-json\/wp\/v2\/pages\/17487\/revisions"}],"predecessor-version":[{"id":17488,"href":"https:\/\/ambylegal.by\/de\/wp-json\/wp\/v2\/pages\/17487\/revisions\/17488"}],"wp:featuredmedia":[{"embeddable":true,"href":"https:\/\/ambylegal.by\/de\/wp-json\/wp\/v2\/media\/17489"}],"wp:attachment":[{"href":"https:\/\/ambylegal.by\/de\/wp-json\/wp\/v2\/media?parent=17487"}],"curies":[{"name":"wp","href":"https:\/\/api.w.org\/{rel}","templated":true}]}}