{"id":17490,"date":"2023-04-21T20:27:16","date_gmt":"2023-04-21T17:27:16","guid":{"rendered":"https:\/\/ambylegal.by\/?page_id=17490"},"modified":"2026-05-06T16:14:13","modified_gmt":"2026-05-06T13:14:13","slug":"mission","status":"publish","type":"page","link":"https:\/\/ambylegal.by\/de\/mission\/","title":{"rendered":"Our Mission"},"content":{"rendered":"<section class=\"first-screen\">\r\n\t<img decoding=\"async\" width=\"2560\" height=\"1440\" src=\"https:\/\/ambylegal.by\/wp-content\/uploads\/2026\/02\/bg-scaled.webp\" class=\"first-screen__bg\" alt=\"\" fetchpriority=\"high\" srcset=\"https:\/\/ambylegal.by\/wp-content\/uploads\/2026\/02\/bg-scaled.webp 2560w, https:\/\/ambylegal.by\/wp-content\/uploads\/2026\/02\/bg-300x169.webp 300w, https:\/\/ambylegal.by\/wp-content\/uploads\/2026\/02\/bg-1024x576.webp 1024w, https:\/\/ambylegal.by\/wp-content\/uploads\/2026\/02\/bg-768x432.webp 768w, https:\/\/ambylegal.by\/wp-content\/uploads\/2026\/02\/bg-1536x864.webp 1536w, https:\/\/ambylegal.by\/wp-content\/uploads\/2026\/02\/bg-2048x1152.webp 2048w\" sizes=\"(max-width: 2560px) 100vw, 2560px\" \/>\r\n    <div class=\"container\">\r\n        <div class=\"first-screen__content\">\r\n\t                 \r\n\t\t\t                <h1 class=\"first-screen__title\">Unsere Mission<\/h1>\r\n\t\t\t\t\t\t\r\n\t\t\t                <div class=\"first-screen__description\">\r\n\t\t\t\t\tUnsere Mission und warum Mandanten uns w\u00e4hlen                <\/div>\r\n\t\t\t\t\t\t\r\n\t\t\t                <div class=\"first-screen__action\">\r\n                    <a href=\"#contact\" class=\"first-screen__button btn btn--secondary\" target=\"_self\">\r\n\t\t\t\t\t\tContact Us                        <span class=\"btn__icon btn__icon--arrow\"><\/span>\r\n                    <\/a>\r\n                <\/div>\r\n\t\t\t        <\/div>\r\n    <\/div>\r\n<\/section>\r\n\n\n<div class=\"content-wrapper  wp-block-custom-container\"><div class=\"container\">\n<div class=\"yoast-breadcrumbs\"><span><span><a href=\"https:\/\/ambylegal.by\/de\/\">Home<\/a><\/span> <i class=\"sep\"><\/i> <span class=\"breadcrumb_last\" aria-current=\"page\">Unsere Mission und Ziele<\/span><\/span><\/div>\n\n\n<p><strong>Unsere Mission&nbsp;<\/strong><br><br>Wir sind eine Anwaltskanzlei in Minsk und beraten ausl\u00e4ndische Unternehmen, internationale Investoren und Privatkunden, die in Belarus eine zuverl\u00e4ssige Rechtsvertretung ben\u00f6tigen. Unsere Anw\u00e4lte sind nach belarussischem Recht zugelassen und bearbeiten Ihre Angelegenheiten auf Englisch \u2013 von der ersten Beratung bis zum endg\u00fcltigen Abschluss.&nbsp;<br><br><strong>Unser Ansatz&nbsp;<\/strong><br><br>Wir glauben nicht an standardisierte Rechtsberatung. Jeder Mandant kommt mit einer individuellen Situation zu uns \u2013 sei es eine Gesch\u00e4ftsstreitigkeit, eine Familienangelegenheit, eine Unternehmensgr\u00fcndung oder die Beitreibung von Forderungen. Wir nehmen uns die Zeit, die Details zu verstehen, bevor wir Ihnen eine Vorgehensweise empfehlen, und begleiten Sie w\u00e4hrend des gesamten Prozesses.&nbsp;<br>Unsere Arbeitssprache mit internationalen Mandanten ist Englisch. Alle Dokumente, Korrespondenz und Beratungsgespr\u00e4che sind ohne zus\u00e4tzliche Dolmetscherkosten auf Englisch verf\u00fcgbar.&nbsp;<br><br><strong>Unsere Leistungen&nbsp;<\/strong><br><br>Unsere T\u00e4tigkeitsschwerpunkte umfassen Gesellschafts- und Handelsrecht, Schieds- und Gerichtsverfahren, Inkasso, Familienrecht, Strafverteidigung, Immaterialg\u00fcterrecht und IT-Recht. Eine vollst\u00e4ndige Liste unserer Leistungen finden Sie auf unserer Leistungsseite.&nbsp;<br><br><strong>Kontaktieren Sie uns&nbsp;<\/strong><br><br>Wenn Sie ein rechtliches Anliegen in Belarus haben und nicht wissen, wo Sie anfangen sollen \u2013 kontaktieren Sie uns. Wir werden Ihre Situation analysieren und Ihnen Ihre Optionen unverbindlich und verst\u00e4ndlich erl\u00e4utern.<br><br><strong>Kontaktieren Sie uns<\/strong><br><br>Wenn Sie nach einer Kanzlei und einem Rechtsanwalt in Belarus suchen, der Ihnen eine herausragende rechtliche Vertretung und Unterst\u00fctzung bietet, sind Sie bei <strong>AMBY Legal<\/strong> genau richtig. Kontaktieren Sie uns noch heute, um ein Beratungsgespr\u00e4ch zu vereinbaren und mehr dar\u00fcber zu erfahren, wie wir Ihnen helfen k\u00f6nnen, Ihre rechtlichen Ziele zu erreichen.<br><br><strong>E-Mail: <\/strong>info@ambylegal.by<br><br><strong>B\u00fcro \/ Telegram \/ WhatsApp: <\/strong>+375 29 142 27 19<br><\/p>\n\n<\/div><\/div>","protected":false},"excerpt":{"rendered":"","protected":false},"author":1,"featured_media":17492,"parent":0,"menu_order":0,"comment_status":"closed","ping_status":"closed","template":"page-templates\/template-canvas.php","meta":{"_acf_changed":false,"footnotes":""},"class_list":["post-17490","page","type-page","status-publish","has-post-thumbnail","hentry"],"acf":[],"yoast_head":"<!-- This site is optimized with the Yoast SEO plugin v27.5 - https:\/\/yoast.com\/product\/yoast-seo-wordpress\/ -->\n<title>Unsere Mission und Ziele | Amby Legal<\/title>\n<meta name=\"description\" content=\"AMBY Legal bietet erstklassige Rechtsberatung in Belarus \u2013 individuell, kompetent und ergebnisorientiert. Erfahren Sie mehr \u00fcber unsere Mission, unser Team und was uns von anderen Kanzleien unterscheidet.\" \/>\n<meta name=\"robots\" content=\"index, follow, max-snippet:-1, max-image-preview:large, max-video-preview:-1\" \/>\n<link rel=\"canonical\" href=\"https:\/\/ambylegal.by\/de\/mission\/\" \/>\n<meta property=\"og:locale\" content=\"de_DE\" \/>\n<meta property=\"og:type\" content=\"article\" \/>\n<meta property=\"og:title\" content=\"Unsere Mission und Ziele | Amby Legal\" \/>\n<meta property=\"og:description\" content=\"AMBY Legal bietet erstklassige Rechtsberatung in Belarus \u2013 individuell, kompetent und ergebnisorientiert. Erfahren Sie mehr \u00fcber unsere Mission, unser Team und was uns von anderen Kanzleien unterscheidet.\" \/>\n<meta property=\"og:url\" content=\"https:\/\/ambylegal.by\/de\/mission\/\" \/>\n<meta property=\"og:site_name\" content=\"Amby Legal\" \/>\n<meta property=\"article:modified_time\" content=\"2026-05-06T13:14:13+00:00\" \/>\n<meta property=\"og:image\" content=\"https:\/\/ambylegal.by\/wp-content\/uploads\/2023\/04\/08-scaled.webp\" \/>\n\t<meta property=\"og:image:width\" content=\"2560\" \/>\n\t<meta property=\"og:image:height\" content=\"1067\" \/>\n\t<meta property=\"og:image:type\" content=\"image\/webp\" \/>\n<meta name=\"twitter:card\" content=\"summary_large_image\" \/>\n<meta name=\"twitter:label1\" content=\"Gesch\u00e4tzte Lesezeit\" \/>\n\t<meta name=\"twitter:data1\" content=\"1\u00a0Minute\" \/>\n<script type=\"application\/ld+json\" class=\"yoast-schema-graph\">{\"@context\":\"https:\\\/\\\/schema.org\",\"@graph\":[{\"@type\":\"WebPage\",\"@id\":\"https:\\\/\\\/ambylegal.by\\\/de\\\/mission\\\/\",\"url\":\"https:\\\/\\\/ambylegal.by\\\/de\\\/mission\\\/\",\"name\":\"Unsere Mission und Ziele | Amby Legal\",\"isPartOf\":{\"@id\":\"https:\\\/\\\/ambylegal.by\\\/de\\\/#website\"},\"primaryImageOfPage\":{\"@id\":\"https:\\\/\\\/ambylegal.by\\\/de\\\/mission\\\/#primaryimage\"},\"image\":{\"@id\":\"https:\\\/\\\/ambylegal.by\\\/de\\\/mission\\\/#primaryimage\"},\"thumbnailUrl\":\"https:\\\/\\\/ambylegal.by\\\/wp-content\\\/uploads\\\/2023\\\/04\\\/08-scaled.webp\",\"datePublished\":\"2023-04-21T17:27:16+00:00\",\"dateModified\":\"2026-05-06T13:14:13+00:00\",\"description\":\"AMBY Legal bietet erstklassige Rechtsberatung in Belarus \u2013 individuell, kompetent und ergebnisorientiert. Erfahren Sie mehr \u00fcber unsere Mission, unser Team und was uns von anderen Kanzleien unterscheidet.\",\"breadcrumb\":{\"@id\":\"https:\\\/\\\/ambylegal.by\\\/de\\\/mission\\\/#breadcrumb\"},\"inLanguage\":\"de\",\"potentialAction\":[{\"@type\":\"ReadAction\",\"target\":[\"https:\\\/\\\/ambylegal.by\\\/de\\\/mission\\\/\"]}]},{\"@type\":\"ImageObject\",\"inLanguage\":\"de\",\"@id\":\"https:\\\/\\\/ambylegal.by\\\/de\\\/mission\\\/#primaryimage\",\"url\":\"https:\\\/\\\/ambylegal.by\\\/wp-content\\\/uploads\\\/2023\\\/04\\\/08-scaled.webp\",\"contentUrl\":\"https:\\\/\\\/ambylegal.by\\\/wp-content\\\/uploads\\\/2023\\\/04\\\/08-scaled.webp\",\"width\":2560,\"height\":1067},{\"@type\":\"BreadcrumbList\",\"@id\":\"https:\\\/\\\/ambylegal.by\\\/de\\\/mission\\\/#breadcrumb\",\"itemListElement\":[{\"@type\":\"ListItem\",\"position\":1,\"name\":\"Home\",\"item\":\"https:\\\/\\\/ambylegal.by\\\/de\\\/\"},{\"@type\":\"ListItem\",\"position\":2,\"name\":\"Unsere Mission und Ziele\"}]},{\"@type\":\"WebSite\",\"@id\":\"https:\\\/\\\/ambylegal.by\\\/de\\\/#website\",\"url\":\"https:\\\/\\\/ambylegal.by\\\/de\\\/\",\"name\":\"Amby Legal\",\"description\":\"\",\"publisher\":{\"@id\":\"https:\\\/\\\/ambylegal.by\\\/de\\\/#organization\"},\"potentialAction\":[{\"@type\":\"SearchAction\",\"target\":{\"@type\":\"EntryPoint\",\"urlTemplate\":\"https:\\\/\\\/ambylegal.by\\\/de\\\/?s={search_term_string}\"},\"query-input\":{\"@type\":\"PropertyValueSpecification\",\"valueRequired\":true,\"valueName\":\"search_term_string\"}}],\"inLanguage\":\"de\"},{\"@type\":\"Organization\",\"@id\":\"https:\\\/\\\/ambylegal.by\\\/de\\\/#organization\",\"name\":\"Amby Legal\",\"url\":\"https:\\\/\\\/ambylegal.by\\\/de\\\/\",\"logo\":{\"@type\":\"ImageObject\",\"inLanguage\":\"de\",\"@id\":\"https:\\\/\\\/ambylegal.by\\\/de\\\/#\\\/schema\\\/logo\\\/image\\\/\",\"url\":\"https:\\\/\\\/ambylegal.by\\\/wp-content\\\/uploads\\\/2026\\\/02\\\/logo-dark.svg\",\"contentUrl\":\"https:\\\/\\\/ambylegal.by\\\/wp-content\\\/uploads\\\/2026\\\/02\\\/logo-dark.svg\",\"width\":117,\"height\":24,\"caption\":\"Amby Legal\"},\"image\":{\"@id\":\"https:\\\/\\\/ambylegal.by\\\/de\\\/#\\\/schema\\\/logo\\\/image\\\/\"}}]}<\/script>\n<!-- \/ Yoast SEO plugin. -->","yoast_head_json":{"title":"Unsere Mission und Ziele | Amby Legal","description":"AMBY Legal bietet erstklassige Rechtsberatung in Belarus \u2013 individuell, kompetent und ergebnisorientiert. Erfahren Sie mehr \u00fcber unsere Mission, unser Team und was uns von anderen Kanzleien unterscheidet.","robots":{"index":"index","follow":"follow","max-snippet":"max-snippet:-1","max-image-preview":"max-image-preview:large","max-video-preview":"max-video-preview:-1"},"canonical":"https:\/\/ambylegal.by\/de\/mission\/","og_locale":"de_DE","og_type":"article","og_title":"Unsere Mission und Ziele | Amby Legal","og_description":"AMBY Legal bietet erstklassige Rechtsberatung in Belarus \u2013 individuell, kompetent und ergebnisorientiert. Erfahren Sie mehr \u00fcber unsere Mission, unser Team und was uns von anderen Kanzleien unterscheidet.","og_url":"https:\/\/ambylegal.by\/de\/mission\/","og_site_name":"Amby Legal","article_modified_time":"2026-05-06T13:14:13+00:00","og_image":[{"width":2560,"height":1067,"url":"https:\/\/ambylegal.by\/wp-content\/uploads\/2023\/04\/08-scaled.webp","type":"image\/webp"}],"twitter_card":"summary_large_image","twitter_misc":{"Gesch\u00e4tzte Lesezeit":"1\u00a0Minute"},"schema":{"@context":"https:\/\/schema.org","@graph":[{"@type":"WebPage","@id":"https:\/\/ambylegal.by\/de\/mission\/","url":"https:\/\/ambylegal.by\/de\/mission\/","name":"Unsere Mission und Ziele | Amby Legal","isPartOf":{"@id":"https:\/\/ambylegal.by\/de\/#website"},"primaryImageOfPage":{"@id":"https:\/\/ambylegal.by\/de\/mission\/#primaryimage"},"image":{"@id":"https:\/\/ambylegal.by\/de\/mission\/#primaryimage"},"thumbnailUrl":"https:\/\/ambylegal.by\/wp-content\/uploads\/2023\/04\/08-scaled.webp","datePublished":"2023-04-21T17:27:16+00:00","dateModified":"2026-05-06T13:14:13+00:00","description":"AMBY Legal bietet erstklassige Rechtsberatung in Belarus \u2013 individuell, kompetent und ergebnisorientiert. Erfahren Sie mehr \u00fcber unsere Mission, unser Team und was uns von anderen Kanzleien unterscheidet.","breadcrumb":{"@id":"https:\/\/ambylegal.by\/de\/mission\/#breadcrumb"},"inLanguage":"de","potentialAction":[{"@type":"ReadAction","target":["https:\/\/ambylegal.by\/de\/mission\/"]}]},{"@type":"ImageObject","inLanguage":"de","@id":"https:\/\/ambylegal.by\/de\/mission\/#primaryimage","url":"https:\/\/ambylegal.by\/wp-content\/uploads\/2023\/04\/08-scaled.webp","contentUrl":"https:\/\/ambylegal.by\/wp-content\/uploads\/2023\/04\/08-scaled.webp","width":2560,"height":1067},{"@type":"BreadcrumbList","@id":"https:\/\/ambylegal.by\/de\/mission\/#breadcrumb","itemListElement":[{"@type":"ListItem","position":1,"name":"Home","item":"https:\/\/ambylegal.by\/de\/"},{"@type":"ListItem","position":2,"name":"Unsere Mission und Ziele"}]},{"@type":"WebSite","@id":"https:\/\/ambylegal.by\/de\/#website","url":"https:\/\/ambylegal.by\/de\/","name":"Amby Legal","description":"","publisher":{"@id":"https:\/\/ambylegal.by\/de\/#organization"},"potentialAction":[{"@type":"SearchAction","target":{"@type":"EntryPoint","urlTemplate":"https:\/\/ambylegal.by\/de\/?s={search_term_string}"},"query-input":{"@type":"PropertyValueSpecification","valueRequired":true,"valueName":"search_term_string"}}],"inLanguage":"de"},{"@type":"Organization","@id":"https:\/\/ambylegal.by\/de\/#organization","name":"Amby Legal","url":"https:\/\/ambylegal.by\/de\/","logo":{"@type":"ImageObject","inLanguage":"de","@id":"https:\/\/ambylegal.by\/de\/#\/schema\/logo\/image\/","url":"https:\/\/ambylegal.by\/wp-content\/uploads\/2026\/02\/logo-dark.svg","contentUrl":"https:\/\/ambylegal.by\/wp-content\/uploads\/2026\/02\/logo-dark.svg","width":117,"height":24,"caption":"Amby Legal"},"image":{"@id":"https:\/\/ambylegal.by\/de\/#\/schema\/logo\/image\/"}}]}},"_links":{"self":[{"href":"https:\/\/ambylegal.by\/de\/wp-json\/wp\/v2\/pages\/17490","targetHints":{"allow":["GET"]}}],"collection":[{"href":"https:\/\/ambylegal.by\/de\/wp-json\/wp\/v2\/pages"}],"about":[{"href":"https:\/\/ambylegal.by\/de\/wp-json\/wp\/v2\/types\/page"}],"author":[{"embeddable":true,"href":"https:\/\/ambylegal.by\/de\/wp-json\/wp\/v2\/users\/1"}],"replies":[{"embeddable":true,"href":"https:\/\/ambylegal.by\/de\/wp-json\/wp\/v2\/comments?post=17490"}],"version-history":[{"count":4,"href":"https:\/\/ambylegal.by\/de\/wp-json\/wp\/v2\/pages\/17490\/revisions"}],"predecessor-version":[{"id":17503,"href":"https:\/\/ambylegal.by\/de\/wp-json\/wp\/v2\/pages\/17490\/revisions\/17503"}],"wp:featuredmedia":[{"embeddable":true,"href":"https:\/\/ambylegal.by\/de\/wp-json\/wp\/v2\/media\/17492"}],"wp:attachment":[{"href":"https:\/\/ambylegal.by\/de\/wp-json\/wp\/v2\/media?parent=17490"}],"curies":[{"name":"wp","href":"https:\/\/api.w.org\/{rel}","templated":true}]}}